{"id":6,"date":"2017-05-16T14:07:32","date_gmt":"2017-05-16T14:07:32","guid":{"rendered":"http:\/\/www.er-konsult.se\/er-koncept\/vinn-din-marknad\/?page_id=6"},"modified":"2021-02-23T12:51:18","modified_gmt":"2021-02-23T12:51:18","slug":"vinn-din-marknad-2","status":"publish","type":"page","link":"https:\/\/www.er-konsult.se\/er-koncept\/vinn-din-marknad\/","title":{"rendered":"Vinn Din Marknad"},"content":{"rendered":"<div class=\"column-wrapper\">\r\n<div class=\"column half\">\r\n<h3>Logga In<\/h3>\r\n<h4>Vinn Din Marknad<\/h4>\r\n\n\t\t<form name=\"loginform\" id=\"loginform\" action=\"https:\/\/www.er-konsult.se\/er-koncept\/vinn-din-marknad\/wp-login.php\" method=\"post\">\n\t\t\t\n\t\t\t<p class=\"login-username\">\n\t\t\t\t<label for=\"user_login\">Anv\u00e4ndarnamn<\/label>\n\t\t\t\t<input type=\"text\" name=\"log\" id=\"user_login\" class=\"input\" value=\"\" size=\"20\" \/>\n\t\t\t<\/p>\n\t\t\t<p class=\"login-password\">\n\t\t\t\t<label for=\"user_pass\">L\u00f6senord<\/label>\n\t\t\t\t<input type=\"password\" name=\"pwd\" id=\"user_pass\" class=\"input\" value=\"\" size=\"20\" \/>\n\t\t\t<\/p>\n\t\t\t\n\t\t\t\n\t\t\t<p class=\"login-submit\">\n\t\t\t\t<input type=\"submit\" name=\"wp-submit\" id=\"wp-submit\" class=\"button button-primary\" value=\"Logga in\" \/>\n\t\t\t\t<input type=\"hidden\" name=\"redirect_to\" value=\"https:\/\/www.er-konsult.se\/er-koncept\/vinn-din-marknad\/vinn-din-marknad\/workshops\/\" \/>\n\t\t\t<\/p>\n\t\t\t\n\t\t<\/form>\r\n<p class=\"little left\">Gl\u00f6mt <a href=\"https:\/\/www.er-konsult.se\/er-koncept\/er-koncept\/vinn-din-marknad\/wp-login.php?action=lostpassword\"><span class=\"red\">anv\u00e4ndarnamn<\/span><\/a> eller <a href=\"https:\/\/www.er-konsult.se\/er-koncept\/er-koncept\/vinn-din-marknad\/wp-login.php?action=lostpassword\"><span class=\"red\">l\u00f6senord<\/span><\/a>?<\/p>\r\n\r\n<\/div>\r\n<div class=\"column half\">\r\n<h3>Vill du bli kund?<\/h3>\r\n<p class=\"left\">\u00c4r du intresserad av att anv\u00e4nda v\u00e5ra tj\u00e4nster och bli kund hos ER Konsult h\u00f6r vi g\u00e4rna av oss och ber\u00e4ttar mer om v\u00e5ra erbjudanden. Du \u00e4ven l\u00e4sa om v\u00e5r <span class=\"red\"><a href=\"http:\/\/www.er-konsult.se\/framgangsmodellen\/\" target=\"_blank\" rel=\"noopener noreferrer\">framg\u00e5ngsmodell<\/a><\/span> och <span class=\"red\"><a href=\"http:\/\/www.er-konsult.se\/sa-arbetar-vi\/\" target=\"_blank\" rel=\"noopener noreferrer\">arbetsmetodik<\/a><\/span>.<\/p>\r\n\r\n\r\n\r\n<span class=\"red\"><i class=\"fa fa-envelope fa-icon \" ><\/i> <a style=\"color: #d8001b\" href=\"mailto:roland.nilsson@er-konsult.se\">roland.nilsson@er-konsult.se<\/a><\/span>\r\n\r\n<\/div>\r\n<\/div>","protected":false},"excerpt":{"rendered":"Logga In Vinn Din Marknad Gl\u00f6mt anv\u00e4ndarnamn eller l\u00f6senord? Vill du bli kund? \u00c4r du intresserad av att anv\u00e4nda v\u00e5ra tj\u00e4nster och bli kund hos ER Konsult h\u00f6r vi g\u00e4rna av oss och ber\u00e4ttar mer om v\u00e5ra erbjudanden. Du \u00e4ven l\u00e4sa om v\u00e5r framg\u00e5ngsmodell och arbetsmetodik. roland.nilsson@er-konsult.se","protected":false},"author":1,"featured_media":0,"parent":0,"menu_order":0,"comment_status":"closed","ping_status":"closed","template":"","meta":[],"_links":{"self":[{"href":"https:\/\/www.er-konsult.se\/er-koncept\/vinn-din-marknad\/wp-json\/wp\/v2\/pages\/6"}],"collection":[{"href":"https:\/\/www.er-konsult.se\/er-koncept\/vinn-din-marknad\/wp-json\/wp\/v2\/pages"}],"about":[{"href":"https:\/\/www.er-konsult.se\/er-koncept\/vinn-din-marknad\/wp-json\/wp\/v2\/types\/page"}],"author":[{"embeddable":true,"href":"https:\/\/www.er-konsult.se\/er-koncept\/vinn-din-marknad\/wp-json\/wp\/v2\/users\/1"}],"replies":[{"embeddable":true,"href":"https:\/\/www.er-konsult.se\/er-koncept\/vinn-din-marknad\/wp-json\/wp\/v2\/comments?post=6"}],"version-history":[{"count":29,"href":"https:\/\/www.er-konsult.se\/er-koncept\/vinn-din-marknad\/wp-json\/wp\/v2\/pages\/6\/revisions"}],"predecessor-version":[{"id":458,"href":"https:\/\/www.er-konsult.se\/er-koncept\/vinn-din-marknad\/wp-json\/wp\/v2\/pages\/6\/revisions\/458"}],"wp:attachment":[{"href":"https:\/\/www.er-konsult.se\/er-koncept\/vinn-din-marknad\/wp-json\/wp\/v2\/media?parent=6"}],"curies":[{"name":"wp","href":"https:\/\/api.w.org\/{rel}","templated":true}]}}